{"id":1156,"date":"2025-07-31T08:30:44","date_gmt":"2025-07-31T07:30:44","guid":{"rendered":"https:\/\/www.moor-op.com\/za-strokovnjake\/"},"modified":"2026-02-05T12:05:51","modified_gmt":"2026-02-05T12:05:51","slug":"for-professionals","status":"publish","type":"page","link":"https:\/\/www.moor-op.com\/en\/for-professionals\/","title":{"rendered":"For Professionals"},"content":{"rendered":"<div class=\"wpb-content-wrapper\"><p>[vc_row full_width=&#8221;stretch_row_content_no_spaces&#8221;][vc_column]        \r\n        <div class=\"title-banner no-intro-image  \">\r\n          <div class=\"container\">\r\n            <div class=\"breadcrumbs-container\">\r\n                    <div class=\"breadcrumbs\">\r\n                      <p id=\"breadcrumbs\"><span><span><a href=\"https:\/\/www.moor-op.com\/en\/\">Home<\/a><\/span><\/span><\/p>                      <div class=\"clearfix\"><\/div>\r\n                    <\/div>\r\n                <\/div>\r\n                                                          <h1>For Professionals<\/h1>\r\n                                                  \r\n            \r\n                \r\n          <\/div>\r\n        <\/div>\r\n        [\/vc_column][\/vc_row][vc_row full_width=&#8221;stretch_row&#8221; el_class=&#8221;subpage-intro-txt&#8221;][vc_column width=&#8221;1\/12&#8243;][\/vc_column][vc_column width=&#8221;10\/12&#8243;][vc_column_text]<\/p>\n<p style=\"text-align: center;\"><span style=\"font-weight: 400;\">We have a <\/span><b>contract <\/b><span style=\"font-weight: 400;\">with the Health Insurance Institute of Slovenia (ZZZS) for the supply and manufacture of the most demanding medical devices, which confirms the professionalism of our work and the high level of trust shown in us by both institutions and users.<\/span><\/p>\n<p>[\/vc_column_text][\/vc_column][vc_column width=&#8221;1\/12&#8243;][\/vc_column][\/vc_row][vc_row content_placement=&#8221;middle&#8221; el_class=&#8221;content-row&#8221;][vc_column width=&#8221;1\/2&#8243;][vc_column_text]<span style=\"font-weight: 400;\">To facilitate access to professional care, we are also present in the field, in cooperation with <\/span><b>URI So\u010da<\/b><span style=\"font-weight: 400;\">, <\/span><b>Valdoltra Orthopedic Hospital<\/b><span style=\"font-weight: 400;\"> and the <\/span><b>University Clinical Center Ljubljana (UKC LJ)<\/b><span style=\"font-weight: 400;\">. Such cooperation allows us to strengthen professional and team work. The result is more coordinated treatment and thus <\/span><b>higher quality<\/b><span style=\"font-weight: 400;\"> care.<\/span><\/p>\n<p><span style=\"font-weight: 400;\">Our company constantly follows the progress of the profession. We actively participate in <\/span><b>training, seminars and fairs<\/b><span style=\"font-weight: 400;\"> at home and abroad. We are present as active lecturers, exhibitors and visitors, which allows us to gain insight into trends and ensure constant contact with the latest developments. For many years, we have been striving to contribute to the development of the profession in the academic environment. In cooperation with the <\/span><b>Faculty of Health Sciences of the University of Ljubljana<\/b><span style=\"font-weight: 400;\">, we carry out clinical practice for students in the field of orthotics and prosthetics and co-create future generations of experts. As part of the <\/span><b>Erasmus <\/b><span style=\"font-weight: 400;\">program, we also enable foreign students to complete internships, including students from the<\/span><b> Finnish Metropolia University of Applied Sciences<\/b><span style=\"font-weight: 400;\"> and the <\/span><b>Belgian school of orthopedics Thomas More Kempen<\/b><span style=\"font-weight: 400;\"> (Thomas More University of Applied Sciences), thereby strengthening the international professional exchange of knowledge.<\/span>[\/vc_column_text][\/vc_column][vc_column width=&#8221;1\/2&#8243;][vc_single_image image=&#8221;342&#8243; el_class=&#8221;right-stretch&#8221;][\/vc_column][\/vc_row][vc_row disable_element=&#8221;yes&#8221; el_class=&#8221;strokovnjaki-logos-row&#8221;][vc_column][vc_row_inner][vc_column_inner][vc_single_image image=&#8221;322&#8243; alignment=&#8221;center&#8221;][vc_column_text]<\/p>\n<p style=\"text-align: center;\">Empatija je opredeljena kot razumevanje \u010dustev in \u010dustev drugih. Za Ethnocare je to sposobnost, ki nam omogo\u010da razumevanje vsakdanjega \u017eivljenja &#8230;<\/p>\n<p>[\/vc_column_text]\t\r\n\t\t<a href=\"\" \r\n\t\t\t target=\"\"\r\n\t\t\t class=\"btn btn-trans btn-lg \"\r\n\t\t\t id=\"\"\r\n\t\t\t style=\"position:relative;left:50%;transform:translateX(-50%);\" >\r\n    Preberite ve\u010d<\/a>\r\n\r\n\t\t[\/vc_column_inner][\/vc_row_inner][vc_row_inner][vc_column_inner][vc_single_image image=&#8221;326&#8243; alignment=&#8221;center&#8221;][vc_column_text]<\/p>\n<p style=\"text-align: center;\">Da, prav ste prebrali. Smo drzni in ambiciozni ter verjamemo v svoje biomehani\u010dne spretnosti in etiko, da bomo lahko izpolnili to poslanstvo. Mi &#8230;<\/p>\n<p>[\/vc_column_text]\t\r\n\t\t<a href=\"\" \r\n\t\t\t target=\"\"\r\n\t\t\t class=\"btn btn-trans btn-lg \"\r\n\t\t\t id=\"\"\r\n\t\t\t style=\"position:relative;left:50%;transform:translateX(-50%);\" >\r\n    Preberite ve\u010d<\/a>\r\n\r\n\t\t[\/vc_column_inner][\/vc_row_inner][vc_row_inner][vc_column_inner][vc_single_image image=&#8221;328&#8243; alignment=&#8221;center&#8221;][vc_column_text]<\/p>\n<p style=\"text-align: center;\">Blatchford je ve\u010dkrat nagrajeni proizvajalec nekaterih najnaprednej\u0161ih proteti\u010dnih tehnologij na svetu, re\u0161itev za sedenje po meri in &#8230;<\/p>\n<p>[\/vc_column_text]\t\r\n\t\t<a href=\"\" \r\n\t\t\t target=\"\"\r\n\t\t\t class=\"btn btn-trans btn-lg \"\r\n\t\t\t id=\"\"\r\n\t\t\t style=\"position:relative;left:50%;transform:translateX(-50%);\" >\r\n    Preberite ve\u010d<\/a>\r\n\r\n\t\t[\/vc_column_inner][\/vc_row_inner][vc_row_inner][vc_column_inner][vc_single_image image=&#8221;330&#8243; alignment=&#8221;center&#8221;][vc_column_text]<\/p>\n<p style=\"text-align: center;\">Ponujamo prilagojene re\u0161itve za vse stopnje amputacije. Lorem ipsum dolor sit amet, consectetur adipiscing elit. Lorem ipsum dolor sit amet, consectetur adipiscing elit.<\/p>\n<p>[\/vc_column_text]\t\r\n\t\t<a href=\"\" \r\n\t\t\t target=\"\"\r\n\t\t\t class=\"btn btn-trans btn-lg \"\r\n\t\t\t id=\"\"\r\n\t\t\t style=\"position:relative;left:50%;transform:translateX(-50%);\" >\r\n    Preberite ve\u010d<\/a>\r\n\r\n\t\t[\/vc_column_inner][\/vc_row_inner][vc_row_inner][vc_column_inner][vc_single_image image=&#8221;332&#8243; alignment=&#8221;center&#8221;][vc_column_text]<\/p>\n<p style=\"text-align: center;\">Dobavitelj ortopedskih in proteti\u010dnih izdelkov za napredni material &#8220;ProtheFlex mehka laminacijska smola&#8221; za izdelavo mehke in najudobnej\u0161e proteze &#8230;<\/p>\n<p>[\/vc_column_text]\t\r\n\t\t<a href=\"\" \r\n\t\t\t target=\"\"\r\n\t\t\t class=\"btn btn-trans btn-lg \"\r\n\t\t\t id=\"\"\r\n\t\t\t style=\"position:relative;left:50%;transform:translateX(-50%);\" >\r\n    Preberite ve\u010d<\/a>\r\n\r\n\t\t[\/vc_column_inner][\/vc_row_inner][\/vc_column][\/vc_row][vc_row full_width=&#8221;stretch_row&#8221; el_class=&#8221;pink-row&#8221;][vc_column width=&#8221;1\/6&#8243; offset=&#8221;vc_hidden-sm vc_hidden-xs&#8221;][\/vc_column][vc_column offset=&#8221;vc_col-lg-8 vc_col-md-8&#8243;]\n<div class=\"wpcf7 no-js\" id=\"wpcf7-f336-o1\" lang=\"sl-SI\" dir=\"ltr\" data-wpcf7-id=\"336\">\n<div class=\"screen-reader-response\"><p role=\"status\" aria-live=\"polite\" aria-atomic=\"true\"><\/p> <ul><\/ul><\/div>\n<form action=\"\/en\/wp-json\/wp\/v2\/pages\/1156#wpcf7-f336-o1\" method=\"post\" class=\"wpcf7-form init\" aria-label=\"Contact form\" novalidate=\"novalidate\" data-status=\"init\">\n<fieldset class=\"hidden-fields-container\"><input type=\"hidden\" name=\"_wpcf7\" value=\"336\" \/><input type=\"hidden\" name=\"_wpcf7_version\" value=\"6.1.4\" \/><input type=\"hidden\" name=\"_wpcf7_locale\" value=\"sl_SI\" \/><input type=\"hidden\" name=\"_wpcf7_unit_tag\" value=\"wpcf7-f336-o1\" \/><input type=\"hidden\" name=\"_wpcf7_container_post\" value=\"0\" \/><input type=\"hidden\" name=\"_wpcf7_posted_data_hash\" value=\"\" \/><input type=\"hidden\" name=\"_wpcf7_recaptcha_response\" value=\"\" \/>\n<\/fieldset>\n<div class=\"kontobrazec\">\n  <h3>Kontaktni obrazec<\/h3>\n  <p>Kontaktirajte nas in odgovorili vam bomo v najkraj\u0161em mo\u017enem \u010dasu.<\/p>\n\n  <div class=\"row\">\n    <div class=\"col-md-12\">\n      <div class=\"form-label-group\">\n        <span class=\"wpcf7-form-control-wrap\" data-name=\"your-name\"><input size=\"40\" maxlength=\"400\" class=\"wpcf7-form-control wpcf7-text wpcf7-validates-as-required form-control\" id=\"your-name\" aria-required=\"true\" aria-invalid=\"false\" placeholder=\"&nbsp;\" value=\"\" type=\"text\" name=\"your-name\" \/><\/span>\n        <label for=\"your-name\">Ime in priimek *<\/label>\n      <\/div>\n\n      <div class=\"form-label-group\">\n        <span class=\"wpcf7-form-control-wrap\" data-name=\"your-email\"><input size=\"40\" maxlength=\"400\" class=\"wpcf7-form-control wpcf7-email wpcf7-validates-as-required wpcf7-text wpcf7-validates-as-email form-control\" id=\"your-email\" aria-required=\"true\" aria-invalid=\"false\" placeholder=\"&nbsp;\" value=\"\" type=\"email\" name=\"your-email\" \/><\/span>\n        <label for=\"your-email\">Va\u0161a e-po\u0161ta *<\/label>\n      <\/div>\n\n      <div class=\"form-label-group\">\n        <span class=\"wpcf7-form-control-wrap\" data-name=\"your-phone\"><input size=\"40\" maxlength=\"400\" class=\"wpcf7-form-control wpcf7-text wpcf7-validates-as-required form-control\" id=\"your-phone\" aria-required=\"true\" aria-invalid=\"false\" placeholder=\"&nbsp;\" value=\"\" type=\"text\" name=\"your-phone\" \/><\/span>\n        <label for=\"your-phone\">Va\u0161a telefonska \u0161tevilka *<\/label>\n      <\/div>\n\n      <div class=\"form-label-group\">\n        <span class=\"wpcf7-form-control-wrap\" data-name=\"your-message\"><textarea cols=\"40\" rows=\"10\" maxlength=\"2000\" class=\"wpcf7-form-control wpcf7-textarea form-control\" id=\"your-message\" aria-invalid=\"false\" placeholder=\"&nbsp;\" name=\"your-message\"><\/textarea><\/span>\n        <label for=\"your-message\">Vsebina sporo\u010dila...<\/label>\n      <\/div>\n\n      <p>Polja ozna\u010dena z * so obvezna!<\/p>\n    <\/div>\n  <\/div>\n\n  <div class=\"\">\n    <span class=\"wpcf7-form-control-wrap\" data-name=\"your-consent\"><span class=\"wpcf7-form-control wpcf7-acceptance\"><span class=\"wpcf7-list-item\"><label><input type=\"checkbox\" name=\"your-consent\" value=\"1\" aria-invalid=\"false\" \/><span class=\"wpcf7-list-item-label\">Strinjam se, da MOOR ortotika in protetika d.o.o. hrani osebne podatke na obrazcu za notranjo uporabo in komunikacijo z mano za namene predlo\u017eene zahteve. Uporabnik lahko zahteva izbris osebnih podatkov po elektronski po\u0161ti \n    <a href=\"m&#97;&#x69;&#x6c;to&#58;&#x69;&#x6e;fo&#64;&#x6d;&#x6f;or&#x2d;&#x6f;&#x70;.&#99;&#x6f;&#x6d;\">&#x69;&#x6e;&#102;o&#64;m&#x6f;&#x6f;&#x72;&#45;op&#x2e;&#x63;&#x6f;&#109;<\/a>.<\/span><\/label><\/span><\/span><\/span>\n  <\/div>\n\n  <div class=\"ns-response-location\"><\/div>\n\n  <button id=\"submit\" class=\"wpcf7-form-control wpcf7-submit btn-primary btn btn-lg\">Po\u0161lji<\/button>\n<\/div><div class=\"wpcf7-response-output\" aria-hidden=\"true\"><\/div>\n<\/form>\n<\/div>\n[\/vc_column][vc_column width=&#8221;1\/6&#8243; offset=&#8221;vc_hidden-sm vc_hidden-xs&#8221;][\/vc_column][\/vc_row]<\/p>\n<\/div>","protected":false},"excerpt":{"rendered":"<p>[vc_row full_width=&#8221;stretch_row_content_no_spaces&#8221;][vc_column][\/vc_column][\/vc_row][vc_row full_width=&#8221;stretch_row&#8221; el_class=&#8221;subpage-intro-txt&#8221;][vc_column width=&#8221;1\/12&#8243;][\/vc_column][vc_column width=&#8221;10\/12&#8243;][vc_column_text] We have a contract with the Health Insurance Institute of Slovenia (ZZZS) for the supply and manufacture of the most demanding medical devices, which confirms the professionalism of our work and the high level of trust shown in us by both institutions and users. [\/vc_column_text][\/vc_column][vc_column width=&#8221;1\/12&#8243;][\/vc_column][\/vc_row][vc_row content_placement=&#8221;middle&#8221; el_class=&#8221;content-row&#8221;][vc_column width=&#8221;1\/2&#8243;][vc_column_text]To facilitate access to professional care, we are also present in the field, in cooperation with URI So\u010da, Valdoltra Orthopedic Hospital and the University Clinical Center Ljubljana (UKC LJ). Such cooperation allows us to strengthen professional and team work. The result is more coordinated treatment and thus higher quality care. Our company constantly follows the progress of the profession. We actively participate in training, seminars and [&hellip;]<\/p>\n","protected":false},"author":1,"featured_media":0,"parent":0,"menu_order":3,"comment_status":"closed","ping_status":"closed","template":"","meta":{"_acf_changed":false,"footnotes":""},"class_list":["post-1156","page","type-page","status-publish","hentry"],"acf":[],"yoast_head":"<!-- This site is optimized with the Yoast SEO plugin v26.8 - https:\/\/yoast.com\/product\/yoast-seo-wordpress\/ -->\n<title>For Professionals - Moor<\/title>\n<meta name=\"robots\" content=\"index, follow, max-snippet:-1, max-image-preview:large, max-video-preview:-1\" \/>\n<link rel=\"canonical\" href=\"https:\/\/www.moor-op.com\/en\/for-professionals\/\" \/>\n<meta property=\"og:locale\" content=\"en_US\" \/>\n<meta property=\"og:type\" content=\"article\" \/>\n<meta property=\"og:title\" content=\"For Professionals - Moor\" \/>\n<meta property=\"og:description\" content=\"[vc_row full_width=&#8221;stretch_row_content_no_spaces&#8221;][vc_column][\/vc_column][\/vc_row][vc_row full_width=&#8221;stretch_row&#8221; el_class=&#8221;subpage-intro-txt&#8221;][vc_column width=&#8221;1\/12&#8243;][\/vc_column][vc_column width=&#8221;10\/12&#8243;][vc_column_text] We have a contract with the Health Insurance Institute of Slovenia (ZZZS) for the supply and manufacture of the most demanding medical devices, which confirms the professionalism of our work and the high level of trust shown in us by both institutions and users. [\/vc_column_text][\/vc_column][vc_column width=&#8221;1\/12&#8243;][\/vc_column][\/vc_row][vc_row content_placement=&#8221;middle&#8221; el_class=&#8221;content-row&#8221;][vc_column width=&#8221;1\/2&#8243;][vc_column_text]To facilitate access to professional care, we are also present in the field, in cooperation with URI So\u010da, Valdoltra Orthopedic Hospital and the University Clinical Center Ljubljana (UKC LJ). Such cooperation allows us to strengthen professional and team work. The result is more coordinated treatment and thus higher quality care. Our company constantly follows the progress of the profession. We actively participate in training, seminars and [&hellip;]\" \/>\n<meta property=\"og:url\" content=\"https:\/\/www.moor-op.com\/en\/for-professionals\/\" \/>\n<meta property=\"og:site_name\" content=\"Moor\" \/>\n<meta property=\"article:modified_time\" content=\"2026-02-05T12:05:51+00:00\" \/>\n<meta property=\"og:image\" content=\"https:\/\/www.moor-op.com\/wp-content\/uploads\/2025\/08\/moor-logo.png\" \/>\n\t<meta property=\"og:image:width\" content=\"176\" \/>\n\t<meta property=\"og:image:height\" content=\"100\" \/>\n\t<meta property=\"og:image:type\" content=\"image\/png\" \/>\n<meta name=\"twitter:card\" content=\"summary_large_image\" \/>\n<meta name=\"twitter:label1\" content=\"Est. reading time\" \/>\n\t<meta name=\"twitter:data1\" content=\"4 minutes\" \/>\n<script type=\"application\/ld+json\" class=\"yoast-schema-graph\">{\"@context\":\"https:\/\/schema.org\",\"@graph\":[{\"@type\":\"WebPage\",\"@id\":\"https:\/\/www.moor-op.com\/en\/for-professionals\/\",\"url\":\"https:\/\/www.moor-op.com\/en\/for-professionals\/\",\"name\":\"For Professionals - Moor\",\"isPartOf\":{\"@id\":\"https:\/\/www.moor-op.com\/#website\"},\"datePublished\":\"2025-07-31T07:30:44+00:00\",\"dateModified\":\"2026-02-05T12:05:51+00:00\",\"breadcrumb\":{\"@id\":\"https:\/\/www.moor-op.com\/en\/for-professionals\/#breadcrumb\"},\"inLanguage\":\"en-US\",\"potentialAction\":[{\"@type\":\"ReadAction\",\"target\":[\"https:\/\/www.moor-op.com\/en\/for-professionals\/\"]}]},{\"@type\":\"BreadcrumbList\",\"@id\":\"https:\/\/www.moor-op.com\/en\/for-professionals\/#breadcrumb\",\"itemListElement\":[{\"@type\":\"ListItem\",\"position\":1,\"name\":\"Home\",\"item\":\"https:\/\/www.moor-op.com\/en\/\"},{\"@type\":\"ListItem\",\"position\":2,\"name\":\"For Professionals\"}]},{\"@type\":\"WebSite\",\"@id\":\"https:\/\/www.moor-op.com\/#website\",\"url\":\"https:\/\/www.moor-op.com\/\",\"name\":\"Moor\",\"description\":\"\",\"potentialAction\":[{\"@type\":\"SearchAction\",\"target\":{\"@type\":\"EntryPoint\",\"urlTemplate\":\"https:\/\/www.moor-op.com\/?s={search_term_string}\"},\"query-input\":{\"@type\":\"PropertyValueSpecification\",\"valueRequired\":true,\"valueName\":\"search_term_string\"}}],\"inLanguage\":\"en-US\"}]}<\/script>\n<!-- \/ Yoast SEO plugin. -->","yoast_head_json":{"title":"For Professionals - Moor","robots":{"index":"index","follow":"follow","max-snippet":"max-snippet:-1","max-image-preview":"max-image-preview:large","max-video-preview":"max-video-preview:-1"},"canonical":"https:\/\/www.moor-op.com\/en\/for-professionals\/","og_locale":"en_US","og_type":"article","og_title":"For Professionals - Moor","og_description":"[vc_row full_width=&#8221;stretch_row_content_no_spaces&#8221;][vc_column][\/vc_column][\/vc_row][vc_row full_width=&#8221;stretch_row&#8221; el_class=&#8221;subpage-intro-txt&#8221;][vc_column width=&#8221;1\/12&#8243;][\/vc_column][vc_column width=&#8221;10\/12&#8243;][vc_column_text] We have a contract with the Health Insurance Institute of Slovenia (ZZZS) for the supply and manufacture of the most demanding medical devices, which confirms the professionalism of our work and the high level of trust shown in us by both institutions and users. [\/vc_column_text][\/vc_column][vc_column width=&#8221;1\/12&#8243;][\/vc_column][\/vc_row][vc_row content_placement=&#8221;middle&#8221; el_class=&#8221;content-row&#8221;][vc_column width=&#8221;1\/2&#8243;][vc_column_text]To facilitate access to professional care, we are also present in the field, in cooperation with URI So\u010da, Valdoltra Orthopedic Hospital and the University Clinical Center Ljubljana (UKC LJ). Such cooperation allows us to strengthen professional and team work. The result is more coordinated treatment and thus higher quality care. Our company constantly follows the progress of the profession. We actively participate in training, seminars and [&hellip;]","og_url":"https:\/\/www.moor-op.com\/en\/for-professionals\/","og_site_name":"Moor","article_modified_time":"2026-02-05T12:05:51+00:00","og_image":[{"width":176,"height":100,"url":"https:\/\/www.moor-op.com\/wp-content\/uploads\/2025\/08\/moor-logo.png","type":"image\/png"}],"twitter_card":"summary_large_image","twitter_misc":{"Est. reading time":"4 minutes"},"schema":{"@context":"https:\/\/schema.org","@graph":[{"@type":"WebPage","@id":"https:\/\/www.moor-op.com\/en\/for-professionals\/","url":"https:\/\/www.moor-op.com\/en\/for-professionals\/","name":"For Professionals - Moor","isPartOf":{"@id":"https:\/\/www.moor-op.com\/#website"},"datePublished":"2025-07-31T07:30:44+00:00","dateModified":"2026-02-05T12:05:51+00:00","breadcrumb":{"@id":"https:\/\/www.moor-op.com\/en\/for-professionals\/#breadcrumb"},"inLanguage":"en-US","potentialAction":[{"@type":"ReadAction","target":["https:\/\/www.moor-op.com\/en\/for-professionals\/"]}]},{"@type":"BreadcrumbList","@id":"https:\/\/www.moor-op.com\/en\/for-professionals\/#breadcrumb","itemListElement":[{"@type":"ListItem","position":1,"name":"Home","item":"https:\/\/www.moor-op.com\/en\/"},{"@type":"ListItem","position":2,"name":"For Professionals"}]},{"@type":"WebSite","@id":"https:\/\/www.moor-op.com\/#website","url":"https:\/\/www.moor-op.com\/","name":"Moor","description":"","potentialAction":[{"@type":"SearchAction","target":{"@type":"EntryPoint","urlTemplate":"https:\/\/www.moor-op.com\/?s={search_term_string}"},"query-input":{"@type":"PropertyValueSpecification","valueRequired":true,"valueName":"search_term_string"}}],"inLanguage":"en-US"}]}},"_links":{"self":[{"href":"https:\/\/www.moor-op.com\/en\/wp-json\/wp\/v2\/pages\/1156","targetHints":{"allow":["GET"]}}],"collection":[{"href":"https:\/\/www.moor-op.com\/en\/wp-json\/wp\/v2\/pages"}],"about":[{"href":"https:\/\/www.moor-op.com\/en\/wp-json\/wp\/v2\/types\/page"}],"author":[{"embeddable":true,"href":"https:\/\/www.moor-op.com\/en\/wp-json\/wp\/v2\/users\/1"}],"replies":[{"embeddable":true,"href":"https:\/\/www.moor-op.com\/en\/wp-json\/wp\/v2\/comments?post=1156"}],"version-history":[{"count":2,"href":"https:\/\/www.moor-op.com\/en\/wp-json\/wp\/v2\/pages\/1156\/revisions"}],"predecessor-version":[{"id":1221,"href":"https:\/\/www.moor-op.com\/en\/wp-json\/wp\/v2\/pages\/1156\/revisions\/1221"}],"wp:attachment":[{"href":"https:\/\/www.moor-op.com\/en\/wp-json\/wp\/v2\/media?parent=1156"}],"curies":[{"name":"wp","href":"https:\/\/api.w.org\/{rel}","templated":true}]}}