{"id":1154,"date":"2025-07-31T08:32:50","date_gmt":"2025-07-31T07:32:50","guid":{"rendered":"https:\/\/www.moor-op.com\/o-nas\/"},"modified":"2026-02-05T12:14:17","modified_gmt":"2026-02-05T12:14:17","slug":"about-us","status":"publish","type":"page","link":"https:\/\/www.moor-op.com\/en\/about-us\/","title":{"rendered":"About us"},"content":{"rendered":"<div class=\"wpb-content-wrapper\"><p>[vc_row full_width=&#8221;stretch_row_content_no_spaces&#8221;][vc_column]        \r\n        <div class=\"title-banner no-intro-image  \">\r\n          <div class=\"container\">\r\n            <div class=\"breadcrumbs-container\">\r\n                    <div class=\"breadcrumbs\">\r\n                      <p id=\"breadcrumbs\"><span><span><a href=\"https:\/\/www.moor-op.com\/en\/\">Home<\/a><\/span><\/span><\/p>                      <div class=\"clearfix\"><\/div>\r\n                    <\/div>\r\n                <\/div>\r\n                                                          <h1>About us<\/h1>\r\n                                                  \r\n            \r\n                \r\n          <\/div>\r\n        <\/div>\r\n        [\/vc_column][\/vc_row][vc_row full_width=&#8221;stretch_row&#8221; el_class=&#8221;subpage-intro-txt&#8221;][vc_column width=&#8221;1\/12&#8243;][\/vc_column][vc_column width=&#8221;10\/12&#8243;][vc_column_text]<\/p>\n<p style=\"text-align: center;\"><span style=\"font-weight: 400;\">MOOR Orthotics and Prosthetics is a <\/span><b>family <\/b><span style=\"font-weight: 400;\">business with a <\/span><b>long tradition and more than 30 years of experience<\/b><span style=\"font-weight: 400;\">.<\/span><\/p>\n<p>[\/vc_column_text][\/vc_column][vc_column width=&#8221;1\/12&#8243;][\/vc_column][\/vc_row][vc_row content_placement=&#8221;middle&#8221; el_class=&#8221;content-row&#8221;][vc_column offset=&#8221;vc_col-lg-6 vc_col-md-6&#8243;][vc_column_text]<\/p>\n<h3><b>Company presentation<\/b><\/h3>\n<p><span style=\"font-weight: 400;\">The beginnings date back to <\/span><b>1992<\/b><span style=\"font-weight: 400;\">, when the foundations of today&#8217;s activity were laid. Over the years of working with users, collaborating with doctors and introducing new approaches, a philosophy was formed that MOOR still lives today &#8211; professionalism, responsibility and people at the center of our work. Despite growth and development, the company remained in the hands of the founders, which ensures continuity, stability and a personal approach to our patients and partners. An important milestone in development was <\/span><b>2012<\/b><span style=\"font-weight: 400;\">, when we combined knowledge and experience with the company <\/span><b>Ortotika in protetika d.o.o.<\/b><span style=\"font-weight: 400;\"> This step enabled us to expand our capabilities, deepen our professional scope and develop new innovative services. On this basis, today&#8217;s image of <\/span><b>MOOR <\/b><span style=\"font-weight: 400;\">was formed &#8211; a company that successfully combines tradition with the latest technologies and modern treatment approaches.<\/span><\/p>\n<p><span style=\"font-weight: 400;\">Behind the company are the founders <\/span><b>Edita Bolte\u017ear Smuk, dipl. in\u017e. ort. prot.<\/b><span style=\"font-weight: 400;\">, and <\/span><b>\u017dan Janez Bolte\u017ear, dipl. in\u017e. ort. prot.<\/b><span style=\"font-weight: 400;\"> They are pioneers of modern orthotics in Slovenia, with more than 35 years of clinical experience and international knowledge gained at the University of Strathclyde in Glasgow.<\/span>[\/vc_column_text][\/vc_column][vc_column el_class=&#8221;image-column&#8221; offset=&#8221;vc_col-lg-6 vc_col-md-6&#8243;][vc_single_image image=&#8221;1206&#8243; el_class=&#8221;right-stretch&#8221;][\/vc_column][\/vc_row][vc_row full_width=&#8221;stretch_row&#8221; content_placement=&#8221;middle&#8221; el_class=&#8221;pink-row content-row&#8221;][vc_column el_class=&#8221;image-column&#8221; offset=&#8221;vc_col-lg-6 vc_col-md-6&#8243;][vc_single_image image=&#8221;346&#8243; el_class=&#8221;left-stretch&#8221;][\/vc_column][vc_column offset=&#8221;vc_col-lg-6 vc_col-md-6&#8243;][vc_column_text]<span style=\"font-weight: 400;\">Stability, continuity and a clear vision of development have guided us from small beginnings to today, operating both in Slovenia and abroad. The company&#8217;s headquarters and development unit are located in Obre\u017eje, we have <\/span><b>patient facilities in Ljubljana<\/b><span style=\"font-weight: 400;\">, and part of our operations also take place in Croatia, near Zagreb, where the subsidiary <\/span><b>MOOR ORTOTIKA I PROTETIKA d.o.o.<\/b><span style=\"font-weight: 400;\"> operates, with which we further expand the accessibility of our services. The group also includes the company <\/span><b>Mobtech by MOOR<\/b><span style=\"font-weight: 400;\">, with which we are present in the markets of Saudi Arabia, and further expand the accessibility and technological reach of our services.<\/span><\/p>\n<p><span style=\"font-weight: 400;\">For many years, we have been developing a holistic approach in the field of individually manufactured medical devices for babies, children and adults. We combine professional knowledge, modern technologies and personal treatment. The company&#8217;s main activity includes the manufacture and installation of medical devices. People are at the forefront of our operations, which is why we design and manufacture each device according to the specific needs of the individual. We place great emphasis on the development of new medical devices and technologies, which we market under the <\/span><b>MOOR <\/b><span style=\"font-weight: 400;\">brand. It is recognized in professional circles as a synonym for <\/span><b>quality, innovation and reliability<\/b><span style=\"font-weight: 400;\">.<\/span>[\/vc_column_text][\/vc_column][\/vc_row][vc_row][vc_column][vc_empty_space height=&#8221;40px&#8221;][vc_row_inner][vc_column_inner width=&#8221;1\/6&#8243;][\/vc_column_inner][vc_column_inner width=&#8221;4\/6&#8243;][vc_column_text]<span style=\"font-weight: 400;\">Our company consistently follows modern professional guidelines and quality standards. The equipment and machines are state-of-the-art and belong to the very top of modern technology in the field. In 2021, we obtained the <\/span><b>internationally recognized ISO 13485:2021 quality certificate<\/b><span style=\"font-weight: 400;\">, which confirms our commitment to the highest standards of safety and professionalism. We successfully renew the certificate every year, as ensuring quality and compliance at all levels of operation is one of our key priorities.<\/span>[\/vc_column_text][\/vc_column_inner][vc_column_inner width=&#8221;1\/6&#8243;][\/vc_column_inner][\/vc_row_inner][vc_separator][vc_empty_space height=&#8221;40px&#8221;][\/vc_column][\/vc_row][vc_row gap=&#8221;30&#8243; content_placement=&#8221;top&#8221;][vc_column width=&#8221;1\/2&#8243; offset=&#8221;vc_col-lg-6 vc_col-md-6&#8243;][vc_column_text]<\/p>\n<h3><b>Mission<\/b><\/h3>\n<p><span style=\"font-weight: 400;\">We build the development of the company on long-term relationships and progress in the field of manufacturing custom-made medical devices. We respond to the needs of users by continuously developing innovative solutions that improve the quality of life. Attention is focused on quality services with professional and permanent staff.<\/span><\/p>\n<p><span style=\"font-weight: 400;\">The company&#8217;s mission is to ensure healthy development and functional lifestyle of all end users of medical devices, and to provide employees with a healthy and safe working environment within the framework of planned goals.<\/span>[\/vc_column_text][\/vc_column][vc_column width=&#8221;1\/2&#8243; el_class=&#8221;image-column&#8221; offset=&#8221;vc_col-lg-6 vc_col-md-6&#8243;][vc_column_text]<\/p>\n<h3>Vision<\/h3>\n<p><span style=\"font-weight: 400;\">The company&#8217;s vision is to <\/span><b>consolidate and strengthen its position as a recognized manufacturer of custom-made medical devices at home and in the wider international space.<\/b><\/p>\n<p><span style=\"font-weight: 400;\">We want to create high-quality, precisely manufactured devices that improve the quality of life and restore users&#8217; sense of confidence and <\/span><b>safety <\/b><span style=\"font-weight: 400;\">in everyday movement.<\/span>[\/vc_column_text][\/vc_column][\/vc_row][vc_row][vc_column][vc_empty_space][\/vc_column][\/vc_row][vc_row full_width=&#8221;stretch_row&#8221; content_placement=&#8221;middle&#8221; el_class=&#8221;pink-row content-row&#8221;][vc_column el_class=&#8221;image-column&#8221; offset=&#8221;vc_col-lg-6 vc_col-md-6&#8243;][vc_single_image image=&#8221;346&#8243; el_class=&#8221;left-stretch&#8221;][\/vc_column][vc_column offset=&#8221;vc_col-lg-6 vc_col-md-6&#8243;][vc_column_text]<\/p>\n<h3><b>Guidelines<\/b><\/h3>\n<p><span style=\"font-weight: 400;\">We are guided by the following principles in our work:<\/span><\/p>\n<ul>\n<li><span style=\"font-weight: 400;\">continuous development and improvements in key business processes that enable the realization of the mission and achievement of the vision,<\/span><\/li>\n<li style=\"font-weight: 400;\" aria-level=\"1\"><span style=\"font-weight: 400;\">production of quality products on modern machines, under controlled conditions with constant quality control,<\/span><\/li>\n<li style=\"font-weight: 400;\" aria-level=\"1\"><span style=\"font-weight: 400;\">we strive to digitize entire processes and production and invest in the latest technologies,<\/span><\/li>\n<li style=\"font-weight: 400;\" aria-level=\"1\"><span style=\"font-weight: 400;\">to become a reliable partner with suppliers and other stakeholders (including in their development projects),<\/span><\/li>\n<li style=\"font-weight: 400;\" aria-level=\"1\"><span style=\"font-weight: 400;\">ensuring maximum capacity of work processes with the help of energy-efficient technological equipment and thus contributing to sustainable management and reducing negative impacts on the environment.<\/span><\/li>\n<li style=\"font-weight: 400;\" aria-level=\"1\"><span style=\"font-weight: 400;\">creating a working environment where employees are professionally and personally satisfied,<\/span><\/li>\n<li style=\"font-weight: 400;\" aria-level=\"1\"><span style=\"font-weight: 400;\">we also donate part of the profit to charity.<\/span><\/li>\n<\/ul>\n<p>[\/vc_column_text][\/vc_column][\/vc_row][vc_row css=&#8221;.vc_custom_1755764374754{margin-top: 60px !important;margin-bottom: 30px !important;}&#8221;][vc_column][vc_column_text]<\/p>\n<h3>MOOR Team<\/h3>\n<p>[\/vc_column_text][vc_row_inner][vc_column_inner width=&#8221;1\/2&#8243;][vc_column_text]<span style=\"font-weight: 400;\">Our growth is based on connecting dedicated work from various professions; from graduated orthotics and prosthetics, technicians, economists, lawyers to administrative support. Together we create an environment where each team member is important for the success of the whole.<\/span>[\/vc_column_text][\/vc_column_inner][vc_column_inner width=&#8221;1\/2&#8243;][vc_column_text]<span style=\"font-weight: 400;\">We are proud that our team is united by openness to new knowledge, mutual cooperation and continuous education. We actively participate in international professional associations, which allows us to follow global trends and transfer best practices into everyday work with our users.<\/span>[\/vc_column_text][\/vc_column_inner][\/vc_row_inner][vc_separator][\/vc_column][\/vc_row][vc_row css=&#8221;.vc_custom_1755764127778{margin-top: 60px !important;margin-bottom: 30px !important;}&#8221;][vc_column width=&#8221;1\/2&#8243;][vc_row_inner][vc_column_inner width=&#8221;1\/2&#8243;][vc_single_image image=&#8221;439&#8243;][\/vc_column_inner][vc_column_inner width=&#8221;1\/2&#8243;][vc_single_image image=&#8221;437&#8243;][\/vc_column_inner][\/vc_row_inner][\/vc_column][vc_column width=&#8221;1\/2&#8243;][vc_column_text]<\/p>\n<h3><b>Commitment to quality and safety<\/b><\/h3>\n<p><span style=\"font-weight: 400;\">In our work, we consistently comply with:<\/span><\/p>\n<ul>\n<li style=\"font-weight: 400;\" aria-level=\"1\"><span style=\"font-weight: 400;\">legislation and the Medical Devices Regulation (EU) 2017\/745 (MDR),<\/span><\/li>\n<li style=\"font-weight: 400;\" aria-level=\"1\"><span style=\"font-weight: 400;\">the <\/span><b>ISO 13485:2021<\/b><span style=\"font-weight: 400;\"> standard, which we have obtained since 2021 and which we successfully renew every year,<\/span><\/li>\n<li style=\"font-weight: 400;\" aria-level=\"1\"><span style=\"font-weight: 400;\">environmental protection requirements and the expectations of all stakeholders.<\/span><\/li>\n<\/ul>\n<p><span style=\"font-weight: 400;\">We are constantly upgrading our management system and processes <\/span><span style=\"font-weight: 400;\">using advanced and digital technologies.<\/span>[\/vc_column_text][\/vc_column][\/vc_row]<\/p>\n<\/div>","protected":false},"excerpt":{"rendered":"<p>[vc_row full_width=&#8221;stretch_row_content_no_spaces&#8221;][vc_column][\/vc_column][\/vc_row][vc_row full_width=&#8221;stretch_row&#8221; el_class=&#8221;subpage-intro-txt&#8221;][vc_column width=&#8221;1\/12&#8243;][\/vc_column][vc_column width=&#8221;10\/12&#8243;][vc_column_text] MOOR Orthotics and Prosthetics is a family business with a long tradition and more than 30 years of experience. [\/vc_column_text][\/vc_column][vc_column width=&#8221;1\/12&#8243;][\/vc_column][\/vc_row][vc_row content_placement=&#8221;middle&#8221; el_class=&#8221;content-row&#8221;][vc_column offset=&#8221;vc_col-lg-6 vc_col-md-6&#8243;][vc_column_text] Company presentation The beginnings date back to 1992, when the foundations of today&#8217;s activity were laid. Over the years of working with users, collaborating with doctors and introducing new approaches, a philosophy was formed that MOOR still lives today &#8211; professionalism, responsibility and people at the center of our work. Despite growth and development, the company remained in the hands of the founders, which ensures continuity, stability and a personal approach to our patients and partners. An important milestone in development was 2012, when we combined knowledge and experience [&hellip;]<\/p>\n","protected":false},"author":1,"featured_media":0,"parent":0,"menu_order":5,"comment_status":"closed","ping_status":"closed","template":"","meta":{"_acf_changed":false,"footnotes":""},"class_list":["post-1154","page","type-page","status-publish","hentry"],"acf":[],"yoast_head":"<!-- This site is optimized with the Yoast SEO plugin v26.8 - https:\/\/yoast.com\/product\/yoast-seo-wordpress\/ -->\n<title>About us - Moor<\/title>\n<meta name=\"robots\" content=\"index, follow, max-snippet:-1, max-image-preview:large, max-video-preview:-1\" \/>\n<link rel=\"canonical\" href=\"https:\/\/www.moor-op.com\/en\/about-us\/\" \/>\n<meta property=\"og:locale\" content=\"en_US\" \/>\n<meta property=\"og:type\" content=\"article\" \/>\n<meta property=\"og:title\" content=\"About us - Moor\" \/>\n<meta property=\"og:description\" content=\"[vc_row full_width=&#8221;stretch_row_content_no_spaces&#8221;][vc_column][\/vc_column][\/vc_row][vc_row full_width=&#8221;stretch_row&#8221; el_class=&#8221;subpage-intro-txt&#8221;][vc_column width=&#8221;1\/12&#8243;][\/vc_column][vc_column width=&#8221;10\/12&#8243;][vc_column_text] MOOR Orthotics and Prosthetics is a family business with a long tradition and more than 30 years of experience. [\/vc_column_text][\/vc_column][vc_column width=&#8221;1\/12&#8243;][\/vc_column][\/vc_row][vc_row content_placement=&#8221;middle&#8221; el_class=&#8221;content-row&#8221;][vc_column offset=&#8221;vc_col-lg-6 vc_col-md-6&#8243;][vc_column_text] Company presentation The beginnings date back to 1992, when the foundations of today&#8217;s activity were laid. Over the years of working with users, collaborating with doctors and introducing new approaches, a philosophy was formed that MOOR still lives today &#8211; professionalism, responsibility and people at the center of our work. Despite growth and development, the company remained in the hands of the founders, which ensures continuity, stability and a personal approach to our patients and partners. An important milestone in development was 2012, when we combined knowledge and experience [&hellip;]\" \/>\n<meta property=\"og:url\" content=\"https:\/\/www.moor-op.com\/en\/about-us\/\" \/>\n<meta property=\"og:site_name\" content=\"Moor\" \/>\n<meta property=\"article:modified_time\" content=\"2026-02-05T12:14:17+00:00\" \/>\n<meta property=\"og:image\" content=\"https:\/\/www.moor-op.com\/wp-content\/uploads\/2025\/08\/moor-logo.png\" \/>\n\t<meta property=\"og:image:width\" content=\"176\" \/>\n\t<meta property=\"og:image:height\" content=\"100\" \/>\n\t<meta property=\"og:image:type\" content=\"image\/png\" \/>\n<meta name=\"twitter:card\" content=\"summary_large_image\" \/>\n<meta name=\"twitter:label1\" content=\"Est. reading time\" \/>\n\t<meta name=\"twitter:data1\" content=\"7 minutes\" \/>\n<script type=\"application\/ld+json\" class=\"yoast-schema-graph\">{\"@context\":\"https:\/\/schema.org\",\"@graph\":[{\"@type\":\"WebPage\",\"@id\":\"https:\/\/www.moor-op.com\/en\/about-us\/\",\"url\":\"https:\/\/www.moor-op.com\/en\/about-us\/\",\"name\":\"About us - Moor\",\"isPartOf\":{\"@id\":\"https:\/\/www.moor-op.com\/#website\"},\"datePublished\":\"2025-07-31T07:32:50+00:00\",\"dateModified\":\"2026-02-05T12:14:17+00:00\",\"breadcrumb\":{\"@id\":\"https:\/\/www.moor-op.com\/en\/about-us\/#breadcrumb\"},\"inLanguage\":\"en-US\",\"potentialAction\":[{\"@type\":\"ReadAction\",\"target\":[\"https:\/\/www.moor-op.com\/en\/about-us\/\"]}]},{\"@type\":\"BreadcrumbList\",\"@id\":\"https:\/\/www.moor-op.com\/en\/about-us\/#breadcrumb\",\"itemListElement\":[{\"@type\":\"ListItem\",\"position\":1,\"name\":\"Home\",\"item\":\"https:\/\/www.moor-op.com\/en\/\"},{\"@type\":\"ListItem\",\"position\":2,\"name\":\"About us\"}]},{\"@type\":\"WebSite\",\"@id\":\"https:\/\/www.moor-op.com\/#website\",\"url\":\"https:\/\/www.moor-op.com\/\",\"name\":\"Moor\",\"description\":\"\",\"potentialAction\":[{\"@type\":\"SearchAction\",\"target\":{\"@type\":\"EntryPoint\",\"urlTemplate\":\"https:\/\/www.moor-op.com\/?s={search_term_string}\"},\"query-input\":{\"@type\":\"PropertyValueSpecification\",\"valueRequired\":true,\"valueName\":\"search_term_string\"}}],\"inLanguage\":\"en-US\"}]}<\/script>\n<!-- \/ Yoast SEO plugin. -->","yoast_head_json":{"title":"About us - Moor","robots":{"index":"index","follow":"follow","max-snippet":"max-snippet:-1","max-image-preview":"max-image-preview:large","max-video-preview":"max-video-preview:-1"},"canonical":"https:\/\/www.moor-op.com\/en\/about-us\/","og_locale":"en_US","og_type":"article","og_title":"About us - Moor","og_description":"[vc_row full_width=&#8221;stretch_row_content_no_spaces&#8221;][vc_column][\/vc_column][\/vc_row][vc_row full_width=&#8221;stretch_row&#8221; el_class=&#8221;subpage-intro-txt&#8221;][vc_column width=&#8221;1\/12&#8243;][\/vc_column][vc_column width=&#8221;10\/12&#8243;][vc_column_text] MOOR Orthotics and Prosthetics is a family business with a long tradition and more than 30 years of experience. [\/vc_column_text][\/vc_column][vc_column width=&#8221;1\/12&#8243;][\/vc_column][\/vc_row][vc_row content_placement=&#8221;middle&#8221; el_class=&#8221;content-row&#8221;][vc_column offset=&#8221;vc_col-lg-6 vc_col-md-6&#8243;][vc_column_text] Company presentation The beginnings date back to 1992, when the foundations of today&#8217;s activity were laid. Over the years of working with users, collaborating with doctors and introducing new approaches, a philosophy was formed that MOOR still lives today &#8211; professionalism, responsibility and people at the center of our work. Despite growth and development, the company remained in the hands of the founders, which ensures continuity, stability and a personal approach to our patients and partners. An important milestone in development was 2012, when we combined knowledge and experience [&hellip;]","og_url":"https:\/\/www.moor-op.com\/en\/about-us\/","og_site_name":"Moor","article_modified_time":"2026-02-05T12:14:17+00:00","og_image":[{"width":176,"height":100,"url":"https:\/\/www.moor-op.com\/wp-content\/uploads\/2025\/08\/moor-logo.png","type":"image\/png"}],"twitter_card":"summary_large_image","twitter_misc":{"Est. reading time":"7 minutes"},"schema":{"@context":"https:\/\/schema.org","@graph":[{"@type":"WebPage","@id":"https:\/\/www.moor-op.com\/en\/about-us\/","url":"https:\/\/www.moor-op.com\/en\/about-us\/","name":"About us - Moor","isPartOf":{"@id":"https:\/\/www.moor-op.com\/#website"},"datePublished":"2025-07-31T07:32:50+00:00","dateModified":"2026-02-05T12:14:17+00:00","breadcrumb":{"@id":"https:\/\/www.moor-op.com\/en\/about-us\/#breadcrumb"},"inLanguage":"en-US","potentialAction":[{"@type":"ReadAction","target":["https:\/\/www.moor-op.com\/en\/about-us\/"]}]},{"@type":"BreadcrumbList","@id":"https:\/\/www.moor-op.com\/en\/about-us\/#breadcrumb","itemListElement":[{"@type":"ListItem","position":1,"name":"Home","item":"https:\/\/www.moor-op.com\/en\/"},{"@type":"ListItem","position":2,"name":"About us"}]},{"@type":"WebSite","@id":"https:\/\/www.moor-op.com\/#website","url":"https:\/\/www.moor-op.com\/","name":"Moor","description":"","potentialAction":[{"@type":"SearchAction","target":{"@type":"EntryPoint","urlTemplate":"https:\/\/www.moor-op.com\/?s={search_term_string}"},"query-input":{"@type":"PropertyValueSpecification","valueRequired":true,"valueName":"search_term_string"}}],"inLanguage":"en-US"}]}},"_links":{"self":[{"href":"https:\/\/www.moor-op.com\/en\/wp-json\/wp\/v2\/pages\/1154","targetHints":{"allow":["GET"]}}],"collection":[{"href":"https:\/\/www.moor-op.com\/en\/wp-json\/wp\/v2\/pages"}],"about":[{"href":"https:\/\/www.moor-op.com\/en\/wp-json\/wp\/v2\/types\/page"}],"author":[{"embeddable":true,"href":"https:\/\/www.moor-op.com\/en\/wp-json\/wp\/v2\/users\/1"}],"replies":[{"embeddable":true,"href":"https:\/\/www.moor-op.com\/en\/wp-json\/wp\/v2\/comments?post=1154"}],"version-history":[{"count":4,"href":"https:\/\/www.moor-op.com\/en\/wp-json\/wp\/v2\/pages\/1154\/revisions"}],"predecessor-version":[{"id":1226,"href":"https:\/\/www.moor-op.com\/en\/wp-json\/wp\/v2\/pages\/1154\/revisions\/1226"}],"wp:attachment":[{"href":"https:\/\/www.moor-op.com\/en\/wp-json\/wp\/v2\/media?parent=1154"}],"curies":[{"name":"wp","href":"https:\/\/api.w.org\/{rel}","templated":true}]}}