{"id":1148,"date":"2025-07-31T08:39:58","date_gmt":"2025-07-31T07:39:58","guid":{"rendered":"https:\/\/www.moor-op.com\/ortoze-za-glavo\/ortoze-za-glavo-pri-dojenckih\/"},"modified":"2026-02-05T12:50:05","modified_gmt":"2026-02-05T12:50:05","slug":"head-orthoses-for-infants","status":"publish","type":"page","link":"https:\/\/www.moor-op.com\/en\/for-patients\/head-orthoses\/head-orthoses-for-infants\/","title":{"rendered":"Head Orthoses for Infants"},"content":{"rendered":"<div class=\"wpb-content-wrapper\"><p>[vc_row full_width=&#8221;stretch_row_content_no_spaces&#8221;][vc_column]        \r\n        <div class=\"title-banner no-intro-image  \">\r\n          <div class=\"container\">\r\n            <div class=\"breadcrumbs-container\">\r\n                    <div class=\"breadcrumbs\">\r\n                      <p id=\"breadcrumbs\"><span><span><a href=\"https:\/\/www.moor-op.com\/en\/\">Home<\/a><\/span><\/span><\/p>                      <div class=\"clearfix\"><\/div>\r\n                    <\/div>\r\n                <\/div>\r\n                                                          <h1>Head Orthoses for Infants<\/h1>\r\n                                                  \r\n            \r\n                \r\n          <\/div>\r\n        <\/div>\r\n        [\/vc_column][\/vc_row][vc_row full_width=&#8221;stretch_row&#8221; el_class=&#8221;subpage-intro-txt&#8221;][vc_column width=&#8221;1\/12&#8243;][\/vc_column][vc_column width=&#8221;10\/12&#8243;][vc_column_text]<\/p>\n<p style=\"text-align: center;\"><a href=\"https:\/\/www.moor-p.band\/en\/zalezana-glava\/kaj-je-zalezana-glava\"><strong>Plagiocephaly<\/strong><\/a>, also known as flat head syndrome in infants, refers to an <strong>asymmetric or flattened shape<\/strong> of the baby&#8217;s head. After birth, the child&#8217;s head is very soft and therefore susceptible to reshaping due to external pressures, which can lead to flattened areas.<\/p>\n<p style=\"text-align: center;\">Despite the best parental care, it can occur before, during, or after birth. It may result from the position in the womb or if the infant spends a lot of time on their back. Although it is mostly an aesthetic change, it is <strong>important to address it as well<\/strong>.<\/p>\n<div class=\"grid w-full min-w-0 grid-cols-[minmax(0,1fr)]\" dir=\"ltr\" data-orientation=\"horizontal\">\n<div class=\"col-start-1 row-start-2\">\n<div id=\"radix-:r31:-content-thread\" class=\"focus:outline-none\" tabindex=\"0\" role=\"tabpanel\" data-state=\"active\" data-orientation=\"horizontal\" aria-labelledby=\"radix-:r31:-trigger-thread\">\n<div class=\"border-subtlest ring-subtlest divide-subtlest bg-transparent\">\n<div class=\"gap-y-md flex flex-col\">\n<div class=\"relative font-sans text-base text-foreground selection:bg-super\/50 selection:text-foreground dark:selection:bg-super\/10 dark:selection:text-super\">\n<div class=\"min-w-0 break-words [word-break:break-word]\">\n<div id=\"markdown-content-1\" class=\"gap-y-md after:clear-both after:block after:content-['']\" dir=\"auto\">\n<div class=\"has-inline-images my-2 first:mt-0 [&amp;:has([data-inline-type=image])+&amp;:has([data-inline-type=image])_[data-inline-type=image]]:hidden [&amp;:has(table)_[data-inline-type=image]]:hidden [&amp;_h1:first-of-type]:mt-8 [&amp;_h2:first-of-type]:mt-6\">\n<div class=\"relative\">\n<div class=\"prose dark:prose-invert inline leading-relaxed break-words min-w-0 [word-break:break-word] prose-strong:font-medium visRefresh2026Fonts:prose-strong:font-bold [&amp;_&gt;*:first-child]:mt-0\">\n<p class=\"my-2 [&amp;+p]:mt-4 [&amp;_strong:has(+br)]:inline-block [&amp;_strong:has(+br)]:pb-2\">The condition often improves with self-correction, i.e., frequent position changes to allow the head to grow as evenly as possible. In some cases of flat head or with moderately to severely pronounced flat areas, the condition cannot improve with these measures alone, and correction with controlled external forces\u2014a <strong>corrective helmet<\/strong>\u2014is required.<\/p>\n<\/div>\n<\/div>\n<\/div>\n<\/div>\n<\/div>\n<\/div>\n<\/div>\n<\/div>\n<\/div>\n<\/div>\n<\/div>\n<p>[\/vc_column_text]\t\r\n\t\t<a href=\"https:\/\/www.moor-p.band\/en\/zalezana-glava\/kaj-je-zalezana-glava\" \r\n\t\t\t target=\"_blank\"\r\n\t\t\t class=\"btn btn-primary btn-lg \"\r\n\t\t\t id=\"\"\r\n\t\t\t style=\"position:relative;left:50%;transform:translateX(-50%);\" >\r\n    Visit Website<svg xmlns=\"http:\/\/www.w3.org\/2000\/svg\" width=\"16\" height=\"16\" viewBox=\"0 0 16 16\" fill=\"none\">\n  <path d=\"M1 8H15M15 8L8 1M15 8L8 15\" stroke=\"white\" stroke-width=\"2\" stroke-linecap=\"round\" stroke-linejoin=\"round\"\/>\n<\/svg><\/a>\r\n\r\n\t\t[\/vc_column][vc_column width=&#8221;1\/12&#8243;][\/vc_column][\/vc_row][vc_row content_placement=&#8221;middle&#8221; el_class=&#8221;content-row&#8221;][vc_column width=&#8221;1\/2&#8243;][vc_column_text]<\/p>\n<h3><strong>Corrective Helmet<\/strong><\/h3>\n<p><strong><a href=\"https:\/\/www.moor-p.band\/en\/moor-p-celada\/kako-deluje-celada\" target=\"_blank\" rel=\"noopener\">The helmet works<\/a><\/strong>\u00a0by applying <strong>gentle pressure<\/strong> to specific areas of the head. The skull bones follow the growth of the brain into the natural head shape. In cases of flattening, the helmet helps redirect growth toward the flattened areas.<\/p>\n<p>The helmet provides a tight, rounded space for the head to grow. Even if your child continues to put pressure on one side of their head, the helmet will offer support to <strong>prevent further flattening<\/strong> of the head. In cases of flattening, the helmet helps redirect growth toward the flattened areas. It is <strong>effective<\/strong> and, above all, <strong>safe<\/strong> for your little one.<\/p>\n<p>This correction method is standard practice at reputable pediatric clinics worldwide and is an established treatment because it has proven successful.<\/p>\n<p>\u200bTa na\u010din korekcije stalna praksa uglednih otro\u0161kih klinik v svetu in je uveljavljen na\u010din zdravljenja, ker je dokazano uspe\u0161en.[\/vc_column_text][\/vc_column][vc_column width=&#8221;1\/2&#8243; el_class=&#8221;image-column&#8221;][vc_single_image image=&#8221;296&#8243; el_class=&#8221;right-stretch&#8221;][\/vc_column][\/vc_row][vc_row full_width=&#8221;stretch_row&#8221; content_placement=&#8221;middle&#8221; el_class=&#8221;pink-row content-row&#8221;][vc_column width=&#8221;1\/2&#8243; el_class=&#8221;image-column&#8221;][vc_single_image image=&#8221;313&#8243; el_class=&#8221;left-stretch&#8221;][\/vc_column][vc_column width=&#8221;1\/2&#8243;][vc_column_text]<\/p>\n<h3>MOOR-P Helmet<\/h3>\n<p>With innovative technology and careful manufacturing, we provide a comprehensive solution for your infant. <strong><a href=\"https:\/\/www.moor-p.band\/en\/moor-p-celada\/o-celadi\" target=\"_blank\" rel=\"noopener\">MOOR-P \u010celada<\/a><\/strong> is made from <strong>high-quality hypoallergenic materials<\/strong> intended for medical devices.<\/p>\n<p class=\"my-2 [&amp;+p]:mt-4 [&amp;_strong:has(+br)]:inline-block [&amp;_strong:has(+br)]:pb-2\">It is padded inside with soft foam material that adapts as the infant&#8217;s head grows. It weighs only <strong>115\u2013125 g<\/strong>, making it almost unnoticeable.<\/p>\n<p class=\"my-2 [&amp;+p]:mt-4 [&amp;_strong:has(+br)]:inline-block [&amp;_strong:has(+br)]:pb-2\">Each helmet is <strong>custom-made<\/strong> and fits every detail of your infant&#8217;s head.<\/p>\n<p>With timely and proper use, the MOOR-P is a reliable and proven solution for correcting head shape asymmetry in infants.[\/vc_column_text][\/vc_column][\/vc_row][vc_row][vc_column]        <div class=\"split-slider reverse  \">\n          <div class=\"slider-display\" aria-live=\"polite\" id=\"1765176180932-c7d7695d-72af\">\n                                        <div class=\"slide\" data-id=\"0\">\n                                  <img decoding=\"async\" src=\"https:\/\/www.moor-op.com\/wp-content\/uploads\/2025\/08\/b49cac9f74d52d967d9c7b38559970456190dd6d.png\" alt=\"Free Initial Examination\" \/>\n                              <\/div>\n                                        <div class=\"slide\" data-id=\"1\">\n                                  <img decoding=\"async\" src=\"https:\/\/www.moor-op.com\/wp-content\/uploads\/2025\/08\/bg.png\" alt=\"3D Head Scan\" \/>\n                              <\/div>\n                                        <div class=\"slide\" data-id=\"2\">\n                                  <img decoding=\"async\" src=\"https:\/\/www.moor-op.com\/wp-content\/uploads\/2025\/08\/be061d24d9fc013c97518a9518f03536f79fa9d0-1024x683.png\" alt=\"Therapy Recommendation and Offer\" \/>\n                              <\/div>\n                                        <div class=\"slide\" data-id=\"3\">\n                                  <img decoding=\"async\" src=\"https:\/\/www.moor-op.com\/wp-content\/uploads\/2025\/08\/d41482d792b1491b862b2fbbe882b7b235fef182.png\" alt=\"Custom Helmet Fabrication\" \/>\n                              <\/div>\n                                        <div class=\"slide\" data-id=\"4\">\n                                  <img decoding=\"async\" src=\"https:\/\/www.moor-op.com\/wp-content\/uploads\/2025\/08\/d41482d792b1491b862b2fbbe882b7b235fef182.png\" alt=\"Helmet Pickup and Adjustment\" \/>\n                              <\/div>\n                                        <div class=\"slide\" data-id=\"5\">\n                                  <img decoding=\"async\" src=\"https:\/\/www.moor-op.com\/wp-content\/uploads\/2025\/08\/d41482d792b1491b862b2fbbe882b7b235fef182.png\" alt=\"Regular Check-ups\" \/>\n                              <\/div>\n                                        <div class=\"slide\" data-id=\"6\">\n                                  <img decoding=\"async\" src=\"https:\/\/www.moor-op.com\/wp-content\/uploads\/2025\/08\/d41482d792b1491b862b2fbbe882b7b235fef182.png\" alt=\"Therapy Conclusion\" \/>\n                              <\/div>\n                      <\/div>\n\n          <div class=\"slider-nav\" role=\"tablist\" aria-label=\"Content navigation\">\n            <div class=\"inner-slider-nav\">\n            <div class=\"showcase-intro-txt\">\n                              <h2>Course of Corrective Helmet Therapy<\/h2>\n                                                            \n            <\/div>\n                                        <div \n                class=\"nav-item active has-subtitle\" \n                role=\"tab\" \n                tabindex=\"0\"\n                aria-selected=\"true\"\n                aria-controls=\"slide-0\" \n                id=\"tab-0\"\n                data-id=\"0\"\n              >\n                <div class=\"icon\"><div class=\"number-icon\">1<\/div><\/div>\n                <div class=\"text-container\">\n                  <h3 style=\"margin-bottom:10px;\">Free Initial Examination<\/h3>\n                                      <span class=\"text\">We conduct the first examination of the infant's head to assess if asymmetry is present and whether therapy is needed.<\/span>\n                                  <\/div>\n                              <\/div>\n                                        <div \n                class=\"nav-item  has-subtitle\" \n                role=\"tab\" \n                tabindex=\"0\"\n                aria-selected=\"false\"\n                aria-controls=\"slide-1\" \n                id=\"tab-1\"\n                data-id=\"1\"\n              >\n                <div class=\"icon\"><div class=\"number-icon\">2<\/div><\/div>\n                <div class=\"text-container\">\n                  <h3 style=\"margin-bottom:10px;\">3D Head Scan<\/h3>\n                                      <span class=\"text\">During the examination, a 3D scan of the head is also performed using a safe and fast 3D scanner to precisely measure the head shape and determine the degree of asymmetry.<\/span>\n                                  <\/div>\n                              <\/div>\n                                        <div \n                class=\"nav-item  has-subtitle\" \n                role=\"tab\" \n                tabindex=\"0\"\n                aria-selected=\"false\"\n                aria-controls=\"slide-2\" \n                id=\"tab-2\"\n                data-id=\"2\"\n              >\n                <div class=\"icon\"><div class=\"number-icon\">3<\/div><\/div>\n                <div class=\"text-container\">\n                  <h3 style=\"margin-bottom:10px;\">Therapy Recommendation and Offer<\/h3>\n                                      <span class=\"text\">Based on the measurements, we recommend the appropriate therapy and prepare an offer for a custom-made helmet.<\/span>\n                                  <\/div>\n                              <\/div>\n                                        <div \n                class=\"nav-item  has-subtitle\" \n                role=\"tab\" \n                tabindex=\"0\"\n                aria-selected=\"false\"\n                aria-controls=\"slide-3\" \n                id=\"tab-3\"\n                data-id=\"3\"\n              >\n                <div class=\"icon\"><div class=\"number-icon\">4<\/div><\/div>\n                <div class=\"text-container\">\n                  <h3 style=\"margin-bottom:10px;\">Custom Helmet Fabrication<\/h3>\n                                      <span class=\"text\">Each helmet is precisely digitally processed, enabling accurate production tailored to the individual infant.<\/span>\n                                  <\/div>\n                              <\/div>\n                                        <div \n                class=\"nav-item  has-subtitle\" \n                role=\"tab\" \n                tabindex=\"0\"\n                aria-selected=\"false\"\n                aria-controls=\"slide-4\" \n                id=\"tab-4\"\n                data-id=\"4\"\n              >\n                <div class=\"icon\"><div class=\"number-icon\">5<\/div><\/div>\n                <div class=\"text-container\">\n                  <h3 style=\"margin-bottom:10px;\">Helmet Pickup and Adjustment<\/h3>\n                                      <span class=\"text\">Upon pickup, we check the fit, perform initial adjustments, and explain the wearing instructions.<\/span>\n                                  <\/div>\n                              <\/div>\n                                        <div \n                class=\"nav-item  has-subtitle\" \n                role=\"tab\" \n                tabindex=\"0\"\n                aria-selected=\"false\"\n                aria-controls=\"slide-5\" \n                id=\"tab-5\"\n                data-id=\"5\"\n              >\n                <div class=\"icon\"><div class=\"number-icon\">6<\/div><\/div>\n                <div class=\"text-container\">\n                  <h3 style=\"margin-bottom:10px;\">Regular Check-ups<\/h3>\n                                      <span class=\"text\">Every 3-4 weeks, we monitor progress, adjust the helmet's interior as needed, and occasionally repeat the scanning.<\/span>\n                                  <\/div>\n                              <\/div>\n                                        <div \n                class=\"nav-item  has-subtitle\" \n                role=\"tab\" \n                tabindex=\"0\"\n                aria-selected=\"false\"\n                aria-controls=\"slide-6\" \n                id=\"tab-6\"\n                data-id=\"6\"\n              >\n                <div class=\"icon\"><div class=\"number-icon\">7<\/div><\/div>\n                <div class=\"text-container\">\n                  <h3 style=\"margin-bottom:10px;\">Therapy Conclusion<\/h3>\n                                      <span class=\"text\">Once the head is properly reshaped, we conclude the therapy and perform a final comparison with the initial measurements.<\/span>\n                                  <\/div>\n                              <\/div>\n                            <\/div>\n          <\/div>\n                  <button class=\"btn-show-list\" aria-label=\"Toggle list\"><span><\/span><\/button>\n        <\/div>\n        [\/vc_column][\/vc_row][vc_row full_width=&#8221;stretch_row&#8221;][vc_column width=&#8221;1\/4&#8243;][\/vc_column][vc_column width=&#8221;1\/4&#8243;]\t\r\n\t\t<a href=\"https:\/\/www.moor-p.band\/en\/moor-p-celada\/potek-korekcijske-terapije\" \r\n\t\t\t target=\"_blank\"\r\n\t\t\t class=\"btn btn-primary btn-lg \"\r\n\t\t\t id=\"\"\r\n\t\t\t style=\"position:relative;left:50%;transform:translateX(-50%);\" >\r\n    More about therapy<svg xmlns=\"http:\/\/www.w3.org\/2000\/svg\" width=\"16\" height=\"16\" viewBox=\"0 0 16 16\" fill=\"none\">\n  <path d=\"M1 8H15M15 8L8 1M15 8L8 15\" stroke=\"white\" stroke-width=\"2\" stroke-linecap=\"round\" stroke-linejoin=\"round\"\/>\n<\/svg><\/a>\r\n\r\n\t\t[\/vc_column][vc_column width=&#8221;1\/4&#8243;]\t\r\n\t\t<a href=\"https:\/\/www.moor-p.band\/en\/pogosta-vprasanja\" \r\n\t\t\t target=\"_blank\"\r\n\t\t\t class=\"btn btn-primary btn-lg \"\r\n\t\t\t id=\"\"\r\n\t\t\t style=\"position:relative;left:50%;transform:translateX(-50%);\" >\r\n    Frequently Asked Questions<svg xmlns=\"http:\/\/www.w3.org\/2000\/svg\" width=\"16\" height=\"16\" viewBox=\"0 0 16 16\" fill=\"none\">\n  <path d=\"M1 8H15M15 8L8 1M15 8L8 15\" stroke=\"white\" stroke-width=\"2\" stroke-linecap=\"round\" stroke-linejoin=\"round\"\/>\n<\/svg><\/a>\r\n\r\n\t\t[\/vc_column][vc_column width=&#8221;1\/4&#8243;][\/vc_column][\/vc_row][vc_row][vc_column][vc_empty_space height=&#8221;60px&#8221;][\/vc_column][\/vc_row]<\/p>\n<\/div>","protected":false},"excerpt":{"rendered":"<p>[vc_row full_width=&#8221;stretch_row_content_no_spaces&#8221;][vc_column][\/vc_column][\/vc_row][vc_row full_width=&#8221;stretch_row&#8221; el_class=&#8221;subpage-intro-txt&#8221;][vc_column width=&#8221;1\/12&#8243;][\/vc_column][vc_column width=&#8221;10\/12&#8243;][vc_column_text] Plagiocephaly, also known as flat head syndrome in infants, refers to an asymmetric or flattened shape of the baby&#8217;s head. After birth, the child&#8217;s head is very soft and therefore susceptible to reshaping due to external pressures, which can lead to flattened areas. Despite the best parental care, it can occur before, during, or after birth. It may result from the position in the womb or if the infant spends a lot of time on their back. Although it is mostly an aesthetic change, it is important to address it as well. The condition often improves with self-correction, i.e., frequent position changes to allow the head to grow as evenly as possible. In some [&hellip;]<\/p>\n","protected":false},"author":1,"featured_media":0,"parent":1134,"menu_order":0,"comment_status":"closed","ping_status":"closed","template":"","meta":{"_acf_changed":false,"footnotes":""},"class_list":["post-1148","page","type-page","status-publish","hentry"],"acf":[],"yoast_head":"<!-- This site is optimized with the Yoast SEO plugin v26.8 - https:\/\/yoast.com\/product\/yoast-seo-wordpress\/ -->\n<title>Head Orthoses for Infants - Moor<\/title>\n<meta name=\"robots\" content=\"index, follow, max-snippet:-1, max-image-preview:large, max-video-preview:-1\" \/>\n<link rel=\"canonical\" href=\"https:\/\/www.moor-op.com\/en\/for-patients\/head-orthoses\/head-orthoses-for-infants\/\" \/>\n<meta property=\"og:locale\" content=\"en_US\" \/>\n<meta property=\"og:type\" content=\"article\" \/>\n<meta property=\"og:title\" content=\"Head Orthoses for Infants - Moor\" \/>\n<meta property=\"og:description\" content=\"[vc_row full_width=&#8221;stretch_row_content_no_spaces&#8221;][vc_column][\/vc_column][\/vc_row][vc_row full_width=&#8221;stretch_row&#8221; el_class=&#8221;subpage-intro-txt&#8221;][vc_column width=&#8221;1\/12&#8243;][\/vc_column][vc_column width=&#8221;10\/12&#8243;][vc_column_text] Plagiocephaly, also known as flat head syndrome in infants, refers to an asymmetric or flattened shape of the baby&#8217;s head. After birth, the child&#8217;s head is very soft and therefore susceptible to reshaping due to external pressures, which can lead to flattened areas. Despite the best parental care, it can occur before, during, or after birth. It may result from the position in the womb or if the infant spends a lot of time on their back. Although it is mostly an aesthetic change, it is important to address it as well. The condition often improves with self-correction, i.e., frequent position changes to allow the head to grow as evenly as possible. In some [&hellip;]\" \/>\n<meta property=\"og:url\" content=\"https:\/\/www.moor-op.com\/en\/for-patients\/head-orthoses\/head-orthoses-for-infants\/\" \/>\n<meta property=\"og:site_name\" content=\"Moor\" \/>\n<meta property=\"article:modified_time\" content=\"2026-02-05T12:50:05+00:00\" \/>\n<meta property=\"og:image\" content=\"https:\/\/www.moor-op.com\/wp-content\/uploads\/2025\/08\/moor-logo.png\" \/>\n\t<meta property=\"og:image:width\" content=\"176\" \/>\n\t<meta property=\"og:image:height\" content=\"100\" \/>\n\t<meta property=\"og:image:type\" content=\"image\/png\" \/>\n<meta name=\"twitter:card\" content=\"summary_large_image\" \/>\n<meta name=\"twitter:label1\" content=\"Est. reading time\" \/>\n\t<meta name=\"twitter:data1\" content=\"3 minutes\" \/>\n<script type=\"application\/ld+json\" class=\"yoast-schema-graph\">{\"@context\":\"https:\/\/schema.org\",\"@graph\":[{\"@type\":\"WebPage\",\"@id\":\"https:\/\/www.moor-op.com\/en\/for-patients\/head-orthoses\/head-orthoses-for-infants\/\",\"url\":\"https:\/\/www.moor-op.com\/en\/for-patients\/head-orthoses\/head-orthoses-for-infants\/\",\"name\":\"Head Orthoses for Infants - Moor\",\"isPartOf\":{\"@id\":\"https:\/\/www.moor-op.com\/#website\"},\"datePublished\":\"2025-07-31T07:39:58+00:00\",\"dateModified\":\"2026-02-05T12:50:05+00:00\",\"breadcrumb\":{\"@id\":\"https:\/\/www.moor-op.com\/en\/for-patients\/head-orthoses\/head-orthoses-for-infants\/#breadcrumb\"},\"inLanguage\":\"en-US\",\"potentialAction\":[{\"@type\":\"ReadAction\",\"target\":[\"https:\/\/www.moor-op.com\/en\/for-patients\/head-orthoses\/head-orthoses-for-infants\/\"]}]},{\"@type\":\"BreadcrumbList\",\"@id\":\"https:\/\/www.moor-op.com\/en\/for-patients\/head-orthoses\/head-orthoses-for-infants\/#breadcrumb\",\"itemListElement\":[{\"@type\":\"ListItem\",\"position\":1,\"name\":\"Home\",\"item\":\"https:\/\/www.moor-op.com\/en\/\"},{\"@type\":\"ListItem\",\"position\":2,\"name\":\"For Patients\",\"item\":\"https:\/\/www.moor-op.com\/en\/for-patients\/\"},{\"@type\":\"ListItem\",\"position\":3,\"name\":\"Head Orthoses\",\"item\":\"https:\/\/www.moor-op.com\/en\/for-patients\/head-orthoses\/\"},{\"@type\":\"ListItem\",\"position\":4,\"name\":\"Head Orthoses for Infants\"}]},{\"@type\":\"WebSite\",\"@id\":\"https:\/\/www.moor-op.com\/#website\",\"url\":\"https:\/\/www.moor-op.com\/\",\"name\":\"Moor\",\"description\":\"\",\"potentialAction\":[{\"@type\":\"SearchAction\",\"target\":{\"@type\":\"EntryPoint\",\"urlTemplate\":\"https:\/\/www.moor-op.com\/?s={search_term_string}\"},\"query-input\":{\"@type\":\"PropertyValueSpecification\",\"valueRequired\":true,\"valueName\":\"search_term_string\"}}],\"inLanguage\":\"en-US\"}]}<\/script>\n<!-- \/ Yoast SEO plugin. -->","yoast_head_json":{"title":"Head Orthoses for Infants - Moor","robots":{"index":"index","follow":"follow","max-snippet":"max-snippet:-1","max-image-preview":"max-image-preview:large","max-video-preview":"max-video-preview:-1"},"canonical":"https:\/\/www.moor-op.com\/en\/for-patients\/head-orthoses\/head-orthoses-for-infants\/","og_locale":"en_US","og_type":"article","og_title":"Head Orthoses for Infants - Moor","og_description":"[vc_row full_width=&#8221;stretch_row_content_no_spaces&#8221;][vc_column][\/vc_column][\/vc_row][vc_row full_width=&#8221;stretch_row&#8221; el_class=&#8221;subpage-intro-txt&#8221;][vc_column width=&#8221;1\/12&#8243;][\/vc_column][vc_column width=&#8221;10\/12&#8243;][vc_column_text] Plagiocephaly, also known as flat head syndrome in infants, refers to an asymmetric or flattened shape of the baby&#8217;s head. After birth, the child&#8217;s head is very soft and therefore susceptible to reshaping due to external pressures, which can lead to flattened areas. Despite the best parental care, it can occur before, during, or after birth. It may result from the position in the womb or if the infant spends a lot of time on their back. Although it is mostly an aesthetic change, it is important to address it as well. The condition often improves with self-correction, i.e., frequent position changes to allow the head to grow as evenly as possible. In some [&hellip;]","og_url":"https:\/\/www.moor-op.com\/en\/for-patients\/head-orthoses\/head-orthoses-for-infants\/","og_site_name":"Moor","article_modified_time":"2026-02-05T12:50:05+00:00","og_image":[{"width":176,"height":100,"url":"https:\/\/www.moor-op.com\/wp-content\/uploads\/2025\/08\/moor-logo.png","type":"image\/png"}],"twitter_card":"summary_large_image","twitter_misc":{"Est. reading time":"3 minutes"},"schema":{"@context":"https:\/\/schema.org","@graph":[{"@type":"WebPage","@id":"https:\/\/www.moor-op.com\/en\/for-patients\/head-orthoses\/head-orthoses-for-infants\/","url":"https:\/\/www.moor-op.com\/en\/for-patients\/head-orthoses\/head-orthoses-for-infants\/","name":"Head Orthoses for Infants - Moor","isPartOf":{"@id":"https:\/\/www.moor-op.com\/#website"},"datePublished":"2025-07-31T07:39:58+00:00","dateModified":"2026-02-05T12:50:05+00:00","breadcrumb":{"@id":"https:\/\/www.moor-op.com\/en\/for-patients\/head-orthoses\/head-orthoses-for-infants\/#breadcrumb"},"inLanguage":"en-US","potentialAction":[{"@type":"ReadAction","target":["https:\/\/www.moor-op.com\/en\/for-patients\/head-orthoses\/head-orthoses-for-infants\/"]}]},{"@type":"BreadcrumbList","@id":"https:\/\/www.moor-op.com\/en\/for-patients\/head-orthoses\/head-orthoses-for-infants\/#breadcrumb","itemListElement":[{"@type":"ListItem","position":1,"name":"Home","item":"https:\/\/www.moor-op.com\/en\/"},{"@type":"ListItem","position":2,"name":"For Patients","item":"https:\/\/www.moor-op.com\/en\/for-patients\/"},{"@type":"ListItem","position":3,"name":"Head Orthoses","item":"https:\/\/www.moor-op.com\/en\/for-patients\/head-orthoses\/"},{"@type":"ListItem","position":4,"name":"Head Orthoses for Infants"}]},{"@type":"WebSite","@id":"https:\/\/www.moor-op.com\/#website","url":"https:\/\/www.moor-op.com\/","name":"Moor","description":"","potentialAction":[{"@type":"SearchAction","target":{"@type":"EntryPoint","urlTemplate":"https:\/\/www.moor-op.com\/?s={search_term_string}"},"query-input":{"@type":"PropertyValueSpecification","valueRequired":true,"valueName":"search_term_string"}}],"inLanguage":"en-US"}]}},"_links":{"self":[{"href":"https:\/\/www.moor-op.com\/en\/wp-json\/wp\/v2\/pages\/1148","targetHints":{"allow":["GET"]}}],"collection":[{"href":"https:\/\/www.moor-op.com\/en\/wp-json\/wp\/v2\/pages"}],"about":[{"href":"https:\/\/www.moor-op.com\/en\/wp-json\/wp\/v2\/types\/page"}],"author":[{"embeddable":true,"href":"https:\/\/www.moor-op.com\/en\/wp-json\/wp\/v2\/users\/1"}],"replies":[{"embeddable":true,"href":"https:\/\/www.moor-op.com\/en\/wp-json\/wp\/v2\/comments?post=1148"}],"version-history":[{"count":2,"href":"https:\/\/www.moor-op.com\/en\/wp-json\/wp\/v2\/pages\/1148\/revisions"}],"predecessor-version":[{"id":1235,"href":"https:\/\/www.moor-op.com\/en\/wp-json\/wp\/v2\/pages\/1148\/revisions\/1235"}],"up":[{"embeddable":true,"href":"https:\/\/www.moor-op.com\/en\/wp-json\/wp\/v2\/pages\/1134"}],"wp:attachment":[{"href":"https:\/\/www.moor-op.com\/en\/wp-json\/wp\/v2\/media?parent=1148"}],"curies":[{"name":"wp","href":"https:\/\/api.w.org\/{rel}","templated":true}]}}